{"id":1657,"date":"2021-10-21T11:49:31","date_gmt":"2021-10-21T10:49:31","guid":{"rendered":"https:\/\/1128.escutismo.pt\/site\/?page_id=1657"},"modified":"2021-10-22T17:45:55","modified_gmt":"2021-10-22T16:45:55","slug":"hino","status":"publish","type":"page","link":"https:\/\/1128.escutismo.pt\/site\/seccoes\/alcateia\/hino\/","title":{"rendered":"Alcateia &#8211; Hino"},"content":{"rendered":"\t\t<div data-elementor-type=\"wp-page\" data-elementor-id=\"1657\" class=\"elementor elementor-1657\">\n\t\t\t\t\t\t<div class=\"elementor-inner\">\n\t\t\t\t<div class=\"elementor-section-wrap\">\n\t\t\t\t\t\t\t\t\t<section class=\"elementor-section elementor-top-section elementor-element elementor-element-77fae87e elementor-section-boxed elementor-section-height-default elementor-section-height-default\" data-id=\"77fae87e\" data-element_type=\"section\">\n\t\t\t\t\t\t<div class=\"elementor-container elementor-column-gap-default\">\n\t\t\t\t\t\t\t<div class=\"elementor-row\">\n\t\t\t\t\t<div class=\"elementor-column elementor-col-100 elementor-top-column elementor-element elementor-element-577d3d60\" data-id=\"577d3d60\" data-element_type=\"column\">\n\t\t\t<div class=\"elementor-column-wrap elementor-element-populated\">\n\t\t\t\t\t\t\t<div class=\"elementor-widget-wrap\">\n\t\t\t\t\t\t<div class=\"elementor-element elementor-element-6fe3cc5c elementor-widget elementor-widget-image\" data-id=\"6fe3cc5c\" data-element_type=\"widget\" data-widget_type=\"image.default\">\n\t\t\t\t<div class=\"elementor-widget-container\">\n\t\t\t<style>\/*! elementor - v3.11.5 - 14-03-2023 *\/\n.elementor-widget-image{text-align:center}.elementor-widget-image a{display:inline-block}.elementor-widget-image a img[src$=\".svg\"]{width:48px}.elementor-widget-image img{vertical-align:middle;display:inline-block}<\/style>\t\t\t\t\t<div class=\"elementor-image\">\n\t\t\t\t\t\t\t\t\t\t\t\t<img loading=\"lazy\" decoding=\"async\" width=\"121\" height=\"121\" src=\"https:\/\/1128.escutismo.pt\/site\/wp-content\/uploads\/2021\/10\/lobitoss.png\" class=\"attachment-large size-large wp-image-1560\" alt=\"\" srcset=\"https:\/\/1128.escutismo.pt\/site\/wp-content\/uploads\/2021\/10\/lobitoss.png 121w, https:\/\/1128.escutismo.pt\/site\/wp-content\/uploads\/2021\/10\/elementor\/thumbs\/lobitoss-pqe861rjiny0xlytm0yo1j6pqjljrxamv10xda36no.png 50w, https:\/\/1128.escutismo.pt\/site\/wp-content\/uploads\/2021\/10\/elementor\/thumbs\/lobitoss-pqe861rk4lc8qm1othe93klw97pd3swhsxbifzbso8.png 100w, https:\/\/1128.escutismo.pt\/site\/wp-content\/uploads\/2021\/10\/elementor\/thumbs\/lobitoss-pqe861rjtmn4u4097r6gkjwazvngfv3kbz67wmphny.png 75w\" sizes=\"auto, 100vw\" \/>\t\t\t\t\t\t\t\t\t\t\t\t\t\t<\/div>\n\t\t\t\t\t\t<\/div>\n\t\t\t\t<\/div>\n\t\t\t\t<div class=\"elementor-element elementor-element-11a731e7 elementor-widget elementor-widget-heading\" data-id=\"11a731e7\" data-element_type=\"widget\" data-widget_type=\"heading.default\">\n\t\t\t\t<div class=\"elementor-widget-container\">\n\t\t\t<style>\/*! elementor - v3.11.5 - 14-03-2023 *\/\n.elementor-heading-title{padding:0;margin:0;line-height:1}.elementor-widget-heading .elementor-heading-title[class*=elementor-size-]>a{color:inherit;font-size:inherit;line-height:inherit}.elementor-widget-heading .elementor-heading-title.elementor-size-small{font-size:15px}.elementor-widget-heading .elementor-heading-title.elementor-size-medium{font-size:19px}.elementor-widget-heading .elementor-heading-title.elementor-size-large{font-size:29px}.elementor-widget-heading .elementor-heading-title.elementor-size-xl{font-size:39px}.elementor-widget-heading .elementor-heading-title.elementor-size-xxl{font-size:59px}<\/style><h2 class=\"elementor-heading-title elementor-size-default\">Hino da Alcateia<\/h2>\t\t<\/div>\n\t\t\t\t<\/div>\n\t\t\t\t\t\t<\/div>\n\t\t\t\t\t<\/div>\n\t\t<\/div>\n\t\t\t\t\t\t\t\t<\/div>\n\t\t\t\t\t<\/div>\n\t\t<\/section>\n\t\t\t\t<section class=\"elementor-section elementor-top-section elementor-element elementor-element-6610f6e elementor-section-boxed elementor-section-height-default elementor-section-height-default\" data-id=\"6610f6e\" data-element_type=\"section\">\n\t\t\t\t\t\t<div class=\"elementor-container elementor-column-gap-default\">\n\t\t\t\t\t\t\t<div class=\"elementor-row\">\n\t\t\t\t\t<div class=\"elementor-column elementor-col-100 elementor-top-column elementor-element elementor-element-40561c0\" data-id=\"40561c0\" data-element_type=\"column\">\n\t\t\t<div class=\"elementor-column-wrap elementor-element-populated\">\n\t\t\t\t\t\t\t<div class=\"elementor-widget-wrap\">\n\t\t\t\t\t\t<div class=\"elementor-element elementor-element-a36ca79 elementor-widget elementor-widget-text-editor\" data-id=\"a36ca79\" data-element_type=\"widget\" data-widget_type=\"text-editor.default\">\n\t\t\t\t<div class=\"elementor-widget-container\">\n\t\t\t<style>\/*! elementor - v3.11.5 - 14-03-2023 *\/\n.elementor-widget-text-editor.elementor-drop-cap-view-stacked .elementor-drop-cap{background-color:#818a91;color:#fff}.elementor-widget-text-editor.elementor-drop-cap-view-framed .elementor-drop-cap{color:#818a91;border:3px solid;background-color:transparent}.elementor-widget-text-editor:not(.elementor-drop-cap-view-default) .elementor-drop-cap{margin-top:8px}.elementor-widget-text-editor:not(.elementor-drop-cap-view-default) .elementor-drop-cap-letter{width:1em;height:1em}.elementor-widget-text-editor .elementor-drop-cap{float:left;text-align:center;line-height:1;font-size:50px}.elementor-widget-text-editor .elementor-drop-cap-letter{display:inline-block}<\/style>\t\t\t\t\t<div class=\"elementor-text-editor elementor-clearfix\">\n\t\t\t\t   <p align=\"center\">\n                   N\u00e3o h\u00e1 nuvens l\u00e1 no c\u00e9u<br>\n                    A estragar esta ca\u00e7ada<br>\n                    Mogli e os seus amigos<br>\n                    Come\u00e7am a caminhada<br>\n                    A Aquel\u00e1 de apito em punho<br>\n                    O Bal\u00fa e a Baguera<br>\n                    Querem ensinar-nos todos<br>\n                    A viver a primavera<br>\n                    <br>\n                    <b>\n                    Sempre da melhor vontade <br>\n                    \u00c9 o lema a defender<br>\n                    Queremos ser uns bons lobitos <br>\n                    E na floresta viver<br>\n                    Aprender a montar tendas<br>\n                    E depois lenha rachar<br>\n                    Vamos construir cozinhas <br>\n                    Para fazer o jantar<br>\n                    <\/b>\n                    <br>\n                    A m\u00e3e loba sempre alerta<br>\n                    O pai lobo a acompanhar<br>\n                    Tomam conta dos lobitos<br>\n                    Que est\u00e3o sempre a brincar<br>\n                    O lobito \u00e9 asseado<br>\n                    Sempre alegre e bem disposto<br>\n                    Escuta sempre a Aquel\u00e1<br>\n                    E trabalha com muito gosto\n                    <\/p>\t\t\t\t\t<\/div>\n\t\t\t\t\t\t<\/div>\n\t\t\t\t<\/div>\n\t\t\t\t\t\t<\/div>\n\t\t\t\t\t<\/div>\n\t\t<\/div>\n\t\t\t\t\t\t\t\t<\/div>\n\t\t\t\t\t<\/div>\n\t\t<\/section>\n\t\t\t\t\t\t\t\t\t<\/div>\n\t\t\t<\/div>\n\t\t\t\t\t<\/div>\n\t\t","protected":false},"excerpt":{"rendered":"<p>Hino da Alcateia N\u00e3o h\u00e1 nuvens l\u00e1 no c\u00e9u A estragar esta ca\u00e7ada Mogli e os seus amigos Come\u00e7am a caminhada A Aquel\u00e1 de apito em punho O Bal\u00fa e a Baguera Querem ensinar-nos todos A viver a primavera Sempre da melhor vontade \u00c9 o lema a defender Queremos ser uns bons lobitos E na &hellip; <\/p>\n<p class=\"link-more\"><a href=\"https:\/\/1128.escutismo.pt\/site\/seccoes\/alcateia\/hino\/\" class=\"more-link\">Read more<span class=\"screen-reader-text\"> &#8220;Alcateia &#8211; Hino&#8221;<\/span><\/a><\/p>\n","protected":false},"author":1,"featured_media":0,"parent":1307,"menu_order":3,"comment_status":"closed","ping_status":"closed","template":"elementor_header_footer","meta":{"footnotes":""},"class_list":["post-1657","page","type-page","status-publish","hentry"],"_links":{"self":[{"href":"https:\/\/1128.escutismo.pt\/site\/wp-json\/wp\/v2\/pages\/1657","targetHints":{"allow":["GET"]}}],"collection":[{"href":"https:\/\/1128.escutismo.pt\/site\/wp-json\/wp\/v2\/pages"}],"about":[{"href":"https:\/\/1128.escutismo.pt\/site\/wp-json\/wp\/v2\/types\/page"}],"author":[{"embeddable":true,"href":"https:\/\/1128.escutismo.pt\/site\/wp-json\/wp\/v2\/users\/1"}],"replies":[{"embeddable":true,"href":"https:\/\/1128.escutismo.pt\/site\/wp-json\/wp\/v2\/comments?post=1657"}],"version-history":[{"count":0,"href":"https:\/\/1128.escutismo.pt\/site\/wp-json\/wp\/v2\/pages\/1657\/revisions"}],"up":[{"embeddable":true,"href":"https:\/\/1128.escutismo.pt\/site\/wp-json\/wp\/v2\/pages\/1307"}],"wp:attachment":[{"href":"https:\/\/1128.escutismo.pt\/site\/wp-json\/wp\/v2\/media?parent=1657"}],"curies":[{"name":"wp","href":"https:\/\/api.w.org\/{rel}","templated":true}]}}