{"id":1663,"date":"2021-10-21T12:14:47","date_gmt":"2021-10-21T11:14:47","guid":{"rendered":"https:\/\/1128.escutismo.pt\/site\/?page_id=1663"},"modified":"2021-10-22T18:07:02","modified_gmt":"2021-10-22T17:07:02","slug":"hino","status":"publish","type":"page","link":"https:\/\/1128.escutismo.pt\/site\/seccoes\/expedicao\/hino\/","title":{"rendered":"Expedi\u00e7\u00e3o &#8211; Hino"},"content":{"rendered":"\t\t<div data-elementor-type=\"wp-page\" data-elementor-id=\"1663\" class=\"elementor elementor-1663\">\n\t\t\t\t\t\t<div class=\"elementor-inner\">\n\t\t\t\t<div class=\"elementor-section-wrap\">\n\t\t\t\t\t\t\t\t\t<section class=\"elementor-section elementor-top-section elementor-element elementor-element-77fae87e elementor-section-boxed elementor-section-height-default elementor-section-height-default\" data-id=\"77fae87e\" data-element_type=\"section\">\n\t\t\t\t\t\t<div class=\"elementor-container elementor-column-gap-default\">\n\t\t\t\t\t\t\t<div class=\"elementor-row\">\n\t\t\t\t\t<div class=\"elementor-column elementor-col-100 elementor-top-column elementor-element elementor-element-577d3d60\" data-id=\"577d3d60\" data-element_type=\"column\">\n\t\t\t<div class=\"elementor-column-wrap elementor-element-populated\">\n\t\t\t\t\t\t\t<div class=\"elementor-widget-wrap\">\n\t\t\t\t\t\t<div class=\"elementor-element elementor-element-6fe3cc5c elementor-widget elementor-widget-image\" data-id=\"6fe3cc5c\" data-element_type=\"widget\" data-widget_type=\"image.default\">\n\t\t\t\t<div class=\"elementor-widget-container\">\n\t\t\t<style>\/*! elementor - v3.11.5 - 14-03-2023 *\/\n.elementor-widget-image{text-align:center}.elementor-widget-image a{display:inline-block}.elementor-widget-image a img[src$=\".svg\"]{width:48px}.elementor-widget-image img{vertical-align:middle;display:inline-block}<\/style>\t\t\t\t\t<div class=\"elementor-image\">\n\t\t\t\t\t\t\t\t\t\t\t\t<img loading=\"lazy\" decoding=\"async\" width=\"121\" height=\"121\" src=\"https:\/\/1128.escutismo.pt\/site\/wp-content\/uploads\/2020\/07\/exploradoresicon.png\" class=\"attachment-large size-large wp-image-596\" alt=\"\" srcset=\"https:\/\/1128.escutismo.pt\/site\/wp-content\/uploads\/2020\/07\/exploradoresicon.png 121w, https:\/\/1128.escutismo.pt\/site\/wp-content\/uploads\/2020\/07\/elementor\/thumbs\/exploradoresicon-pqe6vwuq2esd2mze0l0w5ob82ozyyr4xio9ydchu2c.png 50w, https:\/\/1128.escutismo.pt\/site\/wp-content\/uploads\/2020\/07\/elementor\/thumbs\/exploradoresicon-pqe6vwuqoc6kvn2981gh7pqeld3samqsgkkjg1qg2w.png 100w\" sizes=\"auto, 100vw\" \/>\t\t\t\t\t\t\t\t\t\t\t\t\t\t<\/div>\n\t\t\t\t\t\t<\/div>\n\t\t\t\t<\/div>\n\t\t\t\t<div class=\"elementor-element elementor-element-11a731e7 elementor-widget elementor-widget-heading\" data-id=\"11a731e7\" data-element_type=\"widget\" data-widget_type=\"heading.default\">\n\t\t\t\t<div class=\"elementor-widget-container\">\n\t\t\t<style>\/*! elementor - v3.11.5 - 14-03-2023 *\/\n.elementor-heading-title{padding:0;margin:0;line-height:1}.elementor-widget-heading .elementor-heading-title[class*=elementor-size-]>a{color:inherit;font-size:inherit;line-height:inherit}.elementor-widget-heading .elementor-heading-title.elementor-size-small{font-size:15px}.elementor-widget-heading .elementor-heading-title.elementor-size-medium{font-size:19px}.elementor-widget-heading .elementor-heading-title.elementor-size-large{font-size:29px}.elementor-widget-heading .elementor-heading-title.elementor-size-xl{font-size:39px}.elementor-widget-heading .elementor-heading-title.elementor-size-xxl{font-size:59px}<\/style><h2 class=\"elementor-heading-title elementor-size-default\">Hino da Expedi\u00e7\u00e3o<\/h2>\t\t<\/div>\n\t\t\t\t<\/div>\n\t\t\t\t\t\t<\/div>\n\t\t\t\t\t<\/div>\n\t\t<\/div>\n\t\t\t\t\t\t\t\t<\/div>\n\t\t\t\t\t<\/div>\n\t\t<\/section>\n\t\t\t\t<section class=\"elementor-section elementor-top-section elementor-element elementor-element-6610f6e elementor-section-boxed elementor-section-height-default elementor-section-height-default\" data-id=\"6610f6e\" data-element_type=\"section\">\n\t\t\t\t\t\t<div class=\"elementor-container elementor-column-gap-default\">\n\t\t\t\t\t\t\t<div class=\"elementor-row\">\n\t\t\t\t\t<div class=\"elementor-column elementor-col-100 elementor-top-column elementor-element elementor-element-40561c0\" data-id=\"40561c0\" data-element_type=\"column\">\n\t\t\t<div class=\"elementor-column-wrap elementor-element-populated\">\n\t\t\t\t\t\t\t<div class=\"elementor-widget-wrap\">\n\t\t\t\t\t\t<div class=\"elementor-element elementor-element-a36ca79 elementor-widget elementor-widget-text-editor\" data-id=\"a36ca79\" data-element_type=\"widget\" data-widget_type=\"text-editor.default\">\n\t\t\t\t<div class=\"elementor-widget-container\">\n\t\t\t<style>\/*! elementor - v3.11.5 - 14-03-2023 *\/\n.elementor-widget-text-editor.elementor-drop-cap-view-stacked .elementor-drop-cap{background-color:#818a91;color:#fff}.elementor-widget-text-editor.elementor-drop-cap-view-framed .elementor-drop-cap{color:#818a91;border:3px solid;background-color:transparent}.elementor-widget-text-editor:not(.elementor-drop-cap-view-default) .elementor-drop-cap{margin-top:8px}.elementor-widget-text-editor:not(.elementor-drop-cap-view-default) .elementor-drop-cap-letter{width:1em;height:1em}.elementor-widget-text-editor .elementor-drop-cap{float:left;text-align:center;line-height:1;font-size:50px}.elementor-widget-text-editor .elementor-drop-cap-letter{display:inline-block}<\/style>\t\t\t\t\t<div class=\"elementor-text-editor elementor-clearfix\">\n\t\t\t\t&nbsp;\n<p align=\"center\">\n                    Convosco queremos partilhar&#8230;<br \/>\n                    Que na II\u00aa Sec\u00e7\u00e3o&#8230;<br \/>\n                    Estamos aqui para aprender a caminhar&#8230;<br \/>\n                    Para mais tarde conseguirmos avan\u00e7ar!<br \/>\n                    <br \/>\n                    Somos uma esperan\u00e7a,<br \/>\n                    Olhando em nosso redor&#8230;<br \/>\n                    Temos confian\u00e7a<br \/>\n                    Para um mundo melhor&#8230;<br \/>\n                    <br \/>\n                    <b>\n                    Somos os Exploradores,<br \/>\n                    A II\u00aa Sec\u00e7\u00e3o&#8230;<br \/>\n                    Podem contar connosco<br \/>\n                    Nunca dizemos n\u00e3o&#8230;<br \/>\n                    <br \/>\n                    Vamos como S. Jorge&#8230;<br \/>\n                    A lutar contra o drag\u00e3o<br \/>\n                    A qualquer desafio,<br \/>\n                    Nunca dizemos n\u00e3o&#8230;<br \/>\n                    <\/b>\n                    <br \/>\n                    O verde que est\u00e1 em n\u00f3s&#8230;<br \/>\n                    Na natureza ele se v\u00ea&#8230;<br \/>\n                    Queremos sempre melhorar, ir mais al\u00e9m&#8230;<br \/>\n                    Para que um dia sejamos como B.P.!<br \/>\n                    <br \/>\n                    Queremos ser em patrulhas,<br \/>\n                    Her\u00f3is do povo de Deus,<br \/>\n                    e tamb\u00e9m como o Kim<br \/>\n                    Explorar a terra e os c\u00e9us<br \/>\n                    <br \/>\n                    <b>\n                    Somos os Exploradores,<br \/>\n                    A II\u00aa Sec\u00e7\u00e3o&#8230;<br \/>\n                    Podem contar connosco<br \/>\n                    Nunca dizemos n\u00e3o&#8230;<br \/>\n                    <br \/>\n                    Vamos como S. Jorge&#8230;<br \/>\n                    A lutar contra o drag\u00e3o<br \/>\n                    A qualquer desafio,<br \/>\n                    Nunca dizemos n\u00e3o&#8230;<br \/>\n                    <\/b>\n                    <\/p>\t\t\t\t\t<\/div>\n\t\t\t\t\t\t<\/div>\n\t\t\t\t<\/div>\n\t\t\t\t\t\t<\/div>\n\t\t\t\t\t<\/div>\n\t\t<\/div>\n\t\t\t\t\t\t\t\t<\/div>\n\t\t\t\t\t<\/div>\n\t\t<\/section>\n\t\t\t\t\t\t\t\t\t<\/div>\n\t\t\t<\/div>\n\t\t\t\t\t<\/div>\n\t\t","protected":false},"excerpt":{"rendered":"<p>Hino da Expedi\u00e7\u00e3o &nbsp; Convosco queremos partilhar&#8230; Que na II\u00aa Sec\u00e7\u00e3o&#8230; Estamos aqui para aprender a caminhar&#8230; Para mais tarde conseguirmos avan\u00e7ar! Somos uma esperan\u00e7a, Olhando em nosso redor&#8230; Temos confian\u00e7a Para um mundo melhor&#8230; Somos os Exploradores, A II\u00aa Sec\u00e7\u00e3o&#8230; Podem contar connosco Nunca dizemos n\u00e3o&#8230; Vamos como S. Jorge&#8230; A lutar contra o &hellip; <\/p>\n<p class=\"link-more\"><a href=\"https:\/\/1128.escutismo.pt\/site\/seccoes\/expedicao\/hino\/\" class=\"more-link\">Read more<span class=\"screen-reader-text\"> &#8220;Expedi\u00e7\u00e3o &#8211; Hino&#8221;<\/span><\/a><\/p>\n","protected":false},"author":1,"featured_media":0,"parent":1007,"menu_order":3,"comment_status":"closed","ping_status":"closed","template":"elementor_header_footer","meta":{"footnotes":""},"class_list":["post-1663","page","type-page","status-publish","hentry"],"_links":{"self":[{"href":"https:\/\/1128.escutismo.pt\/site\/wp-json\/wp\/v2\/pages\/1663","targetHints":{"allow":["GET"]}}],"collection":[{"href":"https:\/\/1128.escutismo.pt\/site\/wp-json\/wp\/v2\/pages"}],"about":[{"href":"https:\/\/1128.escutismo.pt\/site\/wp-json\/wp\/v2\/types\/page"}],"author":[{"embeddable":true,"href":"https:\/\/1128.escutismo.pt\/site\/wp-json\/wp\/v2\/users\/1"}],"replies":[{"embeddable":true,"href":"https:\/\/1128.escutismo.pt\/site\/wp-json\/wp\/v2\/comments?post=1663"}],"version-history":[{"count":0,"href":"https:\/\/1128.escutismo.pt\/site\/wp-json\/wp\/v2\/pages\/1663\/revisions"}],"up":[{"embeddable":true,"href":"https:\/\/1128.escutismo.pt\/site\/wp-json\/wp\/v2\/pages\/1007"}],"wp:attachment":[{"href":"https:\/\/1128.escutismo.pt\/site\/wp-json\/wp\/v2\/media?parent=1663"}],"curies":[{"name":"wp","href":"https:\/\/api.w.org\/{rel}","templated":true}]}}