{"id":1665,"date":"2021-10-21T12:20:27","date_gmt":"2021-10-21T11:20:27","guid":{"rendered":"https:\/\/1128.escutismo.pt\/site\/?page_id=1665"},"modified":"2021-10-22T18:20:53","modified_gmt":"2021-10-22T17:20:53","slug":"hino","status":"publish","type":"page","link":"https:\/\/1128.escutismo.pt\/site\/seccoes\/comunidade\/hino\/","title":{"rendered":"Comunidade &#8211; Hino"},"content":{"rendered":"\t\t<div data-elementor-type=\"wp-page\" data-elementor-id=\"1665\" class=\"elementor elementor-1665\">\n\t\t\t\t\t\t<div class=\"elementor-inner\">\n\t\t\t\t<div class=\"elementor-section-wrap\">\n\t\t\t\t\t\t\t\t\t<section class=\"elementor-section elementor-top-section elementor-element elementor-element-77fae87e elementor-section-boxed elementor-section-height-default elementor-section-height-default\" data-id=\"77fae87e\" data-element_type=\"section\">\n\t\t\t\t\t\t<div class=\"elementor-container elementor-column-gap-default\">\n\t\t\t\t\t\t\t<div class=\"elementor-row\">\n\t\t\t\t\t<div class=\"elementor-column elementor-col-100 elementor-top-column elementor-element elementor-element-577d3d60\" data-id=\"577d3d60\" data-element_type=\"column\">\n\t\t\t<div class=\"elementor-column-wrap elementor-element-populated\">\n\t\t\t\t\t\t\t<div class=\"elementor-widget-wrap\">\n\t\t\t\t\t\t<div class=\"elementor-element elementor-element-6fe3cc5c elementor-widget elementor-widget-image\" data-id=\"6fe3cc5c\" data-element_type=\"widget\" data-widget_type=\"image.default\">\n\t\t\t\t<div class=\"elementor-widget-container\">\n\t\t\t<style>\/*! elementor - v3.11.5 - 14-03-2023 *\/\n.elementor-widget-image{text-align:center}.elementor-widget-image a{display:inline-block}.elementor-widget-image a img[src$=\".svg\"]{width:48px}.elementor-widget-image img{vertical-align:middle;display:inline-block}<\/style>\t\t\t\t\t<div class=\"elementor-image\">\n\t\t\t\t\t\t\t\t\t\t\t\t<img loading=\"lazy\" decoding=\"async\" width=\"120\" height=\"120\" src=\"https:\/\/1128.escutismo.pt\/site\/wp-content\/uploads\/2020\/07\/pioneirosicon.png\" class=\"attachment-large size-large wp-image-628\" alt=\"\" srcset=\"https:\/\/1128.escutismo.pt\/site\/wp-content\/uploads\/2020\/07\/pioneirosicon.png 120w, https:\/\/1128.escutismo.pt\/site\/wp-content\/uploads\/2020\/07\/elementor\/thumbs\/pioneirosicon-pqe6wdrtse4ms4c8vijyxkr40yqhh8t11y5zjof1ym.png 75w\" sizes=\"auto, 100vw\" \/>\t\t\t\t\t\t\t\t\t\t\t\t\t\t<\/div>\n\t\t\t\t\t\t<\/div>\n\t\t\t\t<\/div>\n\t\t\t\t<div class=\"elementor-element elementor-element-11a731e7 elementor-widget elementor-widget-heading\" data-id=\"11a731e7\" data-element_type=\"widget\" data-widget_type=\"heading.default\">\n\t\t\t\t<div class=\"elementor-widget-container\">\n\t\t\t<style>\/*! elementor - v3.11.5 - 14-03-2023 *\/\n.elementor-heading-title{padding:0;margin:0;line-height:1}.elementor-widget-heading .elementor-heading-title[class*=elementor-size-]>a{color:inherit;font-size:inherit;line-height:inherit}.elementor-widget-heading .elementor-heading-title.elementor-size-small{font-size:15px}.elementor-widget-heading .elementor-heading-title.elementor-size-medium{font-size:19px}.elementor-widget-heading .elementor-heading-title.elementor-size-large{font-size:29px}.elementor-widget-heading .elementor-heading-title.elementor-size-xl{font-size:39px}.elementor-widget-heading .elementor-heading-title.elementor-size-xxl{font-size:59px}<\/style><h2 class=\"elementor-heading-title elementor-size-default\">Hino da Comunidade<\/h2>\t\t<\/div>\n\t\t\t\t<\/div>\n\t\t\t\t\t\t<\/div>\n\t\t\t\t\t<\/div>\n\t\t<\/div>\n\t\t\t\t\t\t\t\t<\/div>\n\t\t\t\t\t<\/div>\n\t\t<\/section>\n\t\t\t\t<section class=\"elementor-section elementor-top-section elementor-element elementor-element-6610f6e elementor-section-boxed elementor-section-height-default elementor-section-height-default\" data-id=\"6610f6e\" data-element_type=\"section\">\n\t\t\t\t\t\t<div class=\"elementor-container elementor-column-gap-default\">\n\t\t\t\t\t\t\t<div class=\"elementor-row\">\n\t\t\t\t\t<div class=\"elementor-column elementor-col-100 elementor-top-column elementor-element elementor-element-40561c0\" data-id=\"40561c0\" data-element_type=\"column\">\n\t\t\t<div class=\"elementor-column-wrap elementor-element-populated\">\n\t\t\t\t\t\t\t<div class=\"elementor-widget-wrap\">\n\t\t\t\t\t\t<div class=\"elementor-element elementor-element-a36ca79 elementor-widget elementor-widget-text-editor\" data-id=\"a36ca79\" data-element_type=\"widget\" data-widget_type=\"text-editor.default\">\n\t\t\t\t<div class=\"elementor-widget-container\">\n\t\t\t<style>\/*! elementor - v3.11.5 - 14-03-2023 *\/\n.elementor-widget-text-editor.elementor-drop-cap-view-stacked .elementor-drop-cap{background-color:#818a91;color:#fff}.elementor-widget-text-editor.elementor-drop-cap-view-framed .elementor-drop-cap{color:#818a91;border:3px solid;background-color:transparent}.elementor-widget-text-editor:not(.elementor-drop-cap-view-default) .elementor-drop-cap{margin-top:8px}.elementor-widget-text-editor:not(.elementor-drop-cap-view-default) .elementor-drop-cap-letter{width:1em;height:1em}.elementor-widget-text-editor .elementor-drop-cap{float:left;text-align:center;line-height:1;font-size:50px}.elementor-widget-text-editor .elementor-drop-cap-letter{display:inline-block}<\/style>\t\t\t\t\t<div class=\"elementor-text-editor elementor-clearfix\">\n\t\t\t\t&nbsp;\n<p align=\"center\">\n                <b>\n                    O nosso azul, cor do c\u00e9u e do mar<br \/>\n                    D\u00e1-nos mais for\u00e7a para l\u00e1 chegar<br \/>\n                    Chegar a ser feliz, sentir-te perto de mim<br \/>\n                    Poder cantar e rir<br \/>\n                    Dizer-te sempre que sim&#8230;<br \/><br \/>\n                 <\/b>\n                    Somos pioneiros e sempre os primeiros<br \/>\n                    Queremos viver, sempre a crescer<br \/>\n                    Pega na mochila, na tua viola<br \/>\n                    Vamos em equipa vamos acampar&#8230;<br \/>\n                    <\/p>\t\t\t\t\t<\/div>\n\t\t\t\t\t\t<\/div>\n\t\t\t\t<\/div>\n\t\t\t\t<div class=\"elementor-element elementor-element-e0a2347 elementor-widget elementor-widget-spacer\" data-id=\"e0a2347\" data-element_type=\"widget\" data-widget_type=\"spacer.default\">\n\t\t\t\t<div class=\"elementor-widget-container\">\n\t\t\t<style>\/*! elementor - v3.11.5 - 14-03-2023 *\/\n.elementor-column .elementor-spacer-inner{height:var(--spacer-size)}.e-con{--container-widget-width:100%}.e-con-inner>.elementor-widget-spacer,.e-con>.elementor-widget-spacer{width:var(--container-widget-width,var(--spacer-size));--align-self:var(--container-widget-align-self,initial);--flex-shrink:0}.e-con-inner>.elementor-widget-spacer>.elementor-widget-container,.e-con-inner>.elementor-widget-spacer>.elementor-widget-container>.elementor-spacer,.e-con>.elementor-widget-spacer>.elementor-widget-container,.e-con>.elementor-widget-spacer>.elementor-widget-container>.elementor-spacer{height:100%}.e-con-inner>.elementor-widget-spacer>.elementor-widget-container>.elementor-spacer>.elementor-spacer-inner,.e-con>.elementor-widget-spacer>.elementor-widget-container>.elementor-spacer>.elementor-spacer-inner{height:var(--container-widget-height,var(--spacer-size))}<\/style>\t\t<div class=\"elementor-spacer\">\n\t\t\t<div class=\"elementor-spacer-inner\"><\/div>\n\t\t<\/div>\n\t\t\t\t<\/div>\n\t\t\t\t<\/div>\n\t\t\t\t\t\t<\/div>\n\t\t\t\t\t<\/div>\n\t\t<\/div>\n\t\t\t\t\t\t\t\t<\/div>\n\t\t\t\t\t<\/div>\n\t\t<\/section>\n\t\t\t\t\t\t\t\t\t<\/div>\n\t\t\t<\/div>\n\t\t\t\t\t<\/div>\n\t\t","protected":false},"excerpt":{"rendered":"<p>Hino da Comunidade &nbsp; O nosso azul, cor do c\u00e9u e do mar D\u00e1-nos mais for\u00e7a para l\u00e1 chegar Chegar a ser feliz, sentir-te perto de mim Poder cantar e rir Dizer-te sempre que sim&#8230; Somos pioneiros e sempre os primeiros Queremos viver, sempre a crescer Pega na mochila, na tua viola Vamos em equipa &hellip; <\/p>\n<p class=\"link-more\"><a href=\"https:\/\/1128.escutismo.pt\/site\/seccoes\/comunidade\/hino\/\" class=\"more-link\">Read more<span class=\"screen-reader-text\"> &#8220;Comunidade &#8211; Hino&#8221;<\/span><\/a><\/p>\n","protected":false},"author":1,"featured_media":0,"parent":1271,"menu_order":3,"comment_status":"closed","ping_status":"closed","template":"elementor_header_footer","meta":{"footnotes":""},"class_list":["post-1665","page","type-page","status-publish","hentry"],"_links":{"self":[{"href":"https:\/\/1128.escutismo.pt\/site\/wp-json\/wp\/v2\/pages\/1665","targetHints":{"allow":["GET"]}}],"collection":[{"href":"https:\/\/1128.escutismo.pt\/site\/wp-json\/wp\/v2\/pages"}],"about":[{"href":"https:\/\/1128.escutismo.pt\/site\/wp-json\/wp\/v2\/types\/page"}],"author":[{"embeddable":true,"href":"https:\/\/1128.escutismo.pt\/site\/wp-json\/wp\/v2\/users\/1"}],"replies":[{"embeddable":true,"href":"https:\/\/1128.escutismo.pt\/site\/wp-json\/wp\/v2\/comments?post=1665"}],"version-history":[{"count":0,"href":"https:\/\/1128.escutismo.pt\/site\/wp-json\/wp\/v2\/pages\/1665\/revisions"}],"up":[{"embeddable":true,"href":"https:\/\/1128.escutismo.pt\/site\/wp-json\/wp\/v2\/pages\/1271"}],"wp:attachment":[{"href":"https:\/\/1128.escutismo.pt\/site\/wp-json\/wp\/v2\/media?parent=1665"}],"curies":[{"name":"wp","href":"https:\/\/api.w.org\/{rel}","templated":true}]}}