{"id":3063,"date":"2022-07-18T12:52:13","date_gmt":"2022-07-18T11:52:13","guid":{"rendered":"https:\/\/1128.escutismo.pt\/site\/?page_id=3063"},"modified":"2022-07-21T23:26:04","modified_gmt":"2022-07-21T22:26:04","slug":"viseu2022pais","status":"publish","type":"page","link":"https:\/\/1128.escutismo.pt\/site\/campoverao2022\/viseu2022pais\/","title":{"rendered":"Viseu 2022 &#8211; Avisos para os Pais"},"content":{"rendered":"\t\t<div data-elementor-type=\"wp-page\" data-elementor-id=\"3063\" class=\"elementor elementor-3063\">\n\t\t\t\t\t\t<div class=\"elementor-inner\">\n\t\t\t\t<div class=\"elementor-section-wrap\">\n\t\t\t\t\t\t\t\t\t<section class=\"elementor-section elementor-top-section elementor-element elementor-element-1201fb33 elementor-section-boxed elementor-section-height-default elementor-section-height-default\" data-id=\"1201fb33\" data-element_type=\"section\">\n\t\t\t\t\t\t<div class=\"elementor-container elementor-column-gap-default\">\n\t\t\t\t\t\t\t<div class=\"elementor-row\">\n\t\t\t\t\t<div class=\"elementor-column elementor-col-100 elementor-top-column elementor-element elementor-element-70669c5\" data-id=\"70669c5\" data-element_type=\"column\">\n\t\t\t<div class=\"elementor-column-wrap elementor-element-populated\">\n\t\t\t\t\t\t\t<div class=\"elementor-widget-wrap\">\n\t\t\t\t\t\t<div class=\"elementor-element elementor-element-4dc534e3 elementor-widget elementor-widget-heading\" data-id=\"4dc534e3\" data-element_type=\"widget\" data-widget_type=\"heading.default\">\n\t\t\t\t<div class=\"elementor-widget-container\">\n\t\t\t<style>\/*! elementor - v3.11.5 - 14-03-2023 *\/\n.elementor-heading-title{padding:0;margin:0;line-height:1}.elementor-widget-heading .elementor-heading-title[class*=elementor-size-]>a{color:inherit;font-size:inherit;line-height:inherit}.elementor-widget-heading .elementor-heading-title.elementor-size-small{font-size:15px}.elementor-widget-heading .elementor-heading-title.elementor-size-medium{font-size:19px}.elementor-widget-heading .elementor-heading-title.elementor-size-large{font-size:29px}.elementor-widget-heading .elementor-heading-title.elementor-size-xl{font-size:39px}.elementor-widget-heading .elementor-heading-title.elementor-size-xxl{font-size:59px}<\/style><h2 class=\"elementor-heading-title elementor-size-xl\">Campo de Ver\u00e3o 2022<\/h2>\t\t<\/div>\n\t\t\t\t<\/div>\n\t\t\t\t\t\t<\/div>\n\t\t\t\t\t<\/div>\n\t\t<\/div>\n\t\t\t\t\t\t\t\t<\/div>\n\t\t\t\t\t<\/div>\n\t\t<\/section>\n\t\t\t\t<section class=\"elementor-section elementor-top-section elementor-element elementor-element-bfc6fb1 elementor-section-boxed elementor-section-height-default elementor-section-height-default\" data-id=\"bfc6fb1\" data-element_type=\"section\">\n\t\t\t\t\t\t<div class=\"elementor-container elementor-column-gap-default\">\n\t\t\t\t\t\t\t<div class=\"elementor-row\">\n\t\t\t\t\t<div class=\"elementor-column elementor-col-100 elementor-top-column elementor-element elementor-element-8bdb6ec\" data-id=\"8bdb6ec\" data-element_type=\"column\">\n\t\t\t<div class=\"elementor-column-wrap elementor-element-populated\">\n\t\t\t\t\t\t\t<div class=\"elementor-widget-wrap\">\n\t\t\t\t\t\t<div class=\"elementor-element elementor-element-e7f4684 elementor-widget elementor-widget-image\" data-id=\"e7f4684\" data-element_type=\"widget\" data-widget_type=\"image.default\">\n\t\t\t\t<div class=\"elementor-widget-container\">\n\t\t\t<style>\/*! elementor - v3.11.5 - 14-03-2023 *\/\n.elementor-widget-image{text-align:center}.elementor-widget-image a{display:inline-block}.elementor-widget-image a img[src$=\".svg\"]{width:48px}.elementor-widget-image img{vertical-align:middle;display:inline-block}<\/style>\t\t\t\t\t<div class=\"elementor-image\">\n\t\t\t\t\t\t\t\t\t<figure class=\"wp-caption\">\n\t\t\t\t\t\t\t\t\t\t<img loading=\"lazy\" decoding=\"async\" width=\"275\" height=\"300\" src=\"https:\/\/1128.escutismo.pt\/site\/wp-content\/uploads\/2022\/07\/Logo_Viseu22_FINAL-275x300.png\" class=\"attachment-medium size-medium wp-image-3046\" alt=\"\" srcset=\"https:\/\/1128.escutismo.pt\/site\/wp-content\/uploads\/2022\/07\/Logo_Viseu22_FINAL-275x300.png 275w, https:\/\/1128.escutismo.pt\/site\/wp-content\/uploads\/2022\/07\/Logo_Viseu22_FINAL-938x1024.png 938w, https:\/\/1128.escutismo.pt\/site\/wp-content\/uploads\/2022\/07\/Logo_Viseu22_FINAL-768x838.png 768w, https:\/\/1128.escutismo.pt\/site\/wp-content\/uploads\/2022\/07\/Logo_Viseu22_FINAL-1407x1536.png 1407w, https:\/\/1128.escutismo.pt\/site\/wp-content\/uploads\/2022\/07\/Logo_Viseu22_FINAL-1876x2048.png 1876w, https:\/\/1128.escutismo.pt\/site\/wp-content\/uploads\/2022\/07\/Logo_Viseu22_FINAL-2000x2183.png 2000w\" sizes=\"auto, 100vw\" \/>\t\t\t\t\t\t\t\t\t\t\t<figcaption class=\"widget-image-caption wp-caption-text\"><\/figcaption>\n\t\t\t\t\t\t\t\t\t\t<\/figure>\n\t\t\t\t\t\t\t\t<\/div>\n\t\t\t\t\t\t<\/div>\n\t\t\t\t<\/div>\n\t\t\t\t\t\t<\/div>\n\t\t\t\t\t<\/div>\n\t\t<\/div>\n\t\t\t\t\t\t\t\t<\/div>\n\t\t\t\t\t<\/div>\n\t\t<\/section>\n\t\t\t\t<section class=\"elementor-section elementor-top-section elementor-element elementor-element-4d09bd5 elementor-section-boxed elementor-section-height-default elementor-section-height-default\" data-id=\"4d09bd5\" data-element_type=\"section\">\n\t\t\t\t\t\t<div class=\"elementor-container elementor-column-gap-default\">\n\t\t\t\t\t\t\t<div class=\"elementor-row\">\n\t\t\t\t\t<div class=\"elementor-column elementor-col-100 elementor-top-column elementor-element elementor-element-136eb87\" data-id=\"136eb87\" data-element_type=\"column\">\n\t\t\t<div class=\"elementor-column-wrap elementor-element-populated\">\n\t\t\t\t\t\t\t<div class=\"elementor-widget-wrap\">\n\t\t\t\t\t\t<div class=\"elementor-element elementor-element-8c2d84b elementor-widget elementor-widget-text-editor\" data-id=\"8c2d84b\" data-element_type=\"widget\" data-widget_type=\"text-editor.default\">\n\t\t\t\t<div class=\"elementor-widget-container\">\n\t\t\t<style>\/*! elementor - v3.11.5 - 14-03-2023 *\/\n.elementor-widget-text-editor.elementor-drop-cap-view-stacked .elementor-drop-cap{background-color:#818a91;color:#fff}.elementor-widget-text-editor.elementor-drop-cap-view-framed .elementor-drop-cap{color:#818a91;border:3px solid;background-color:transparent}.elementor-widget-text-editor:not(.elementor-drop-cap-view-default) .elementor-drop-cap{margin-top:8px}.elementor-widget-text-editor:not(.elementor-drop-cap-view-default) .elementor-drop-cap-letter{width:1em;height:1em}.elementor-widget-text-editor .elementor-drop-cap{float:left;text-align:center;line-height:1;font-size:50px}.elementor-widget-text-editor .elementor-drop-cap-letter{display:inline-block}<\/style>\t\t\t\t\t<div class=\"elementor-text-editor elementor-clearfix\">\n\t\t\t\t<p>O Dia dos Pais, no dia 30 de Julho, \u00e9 um dos dias mais aguardados por todo o Agrupamento, al\u00e9m de ser o dia em que temos a Missa das Promessas e a Atribui\u00e7\u00e3o das Etapas de Progresso, \u00e9 tamb\u00e9m quando recebemos a visita dos Pais e Fam\u00edlias.\n<p>\nEste dia ser\u00e1 bastante preenchido e por isso deixamos aqui alguns avisos para que os Pais e as Fam\u00edlias o possam viver da melhor forma:\n <li> A chegada dos Pais dever\u00e1 ser \u00e0s 14h00. Poder\u00e3o encontrar a localiza\u00e7\u00e3o aqui:\n \t\t\t\t\t<\/div>\n\t\t\t\t\t\t<\/div>\n\t\t\t\t<\/div>\n\t\t\t\t\t\t<\/div>\n\t\t\t\t\t<\/div>\n\t\t<\/div>\n\t\t\t\t\t\t\t\t<\/div>\n\t\t\t\t\t<\/div>\n\t\t<\/section>\n\t\t\t\t<section class=\"elementor-section elementor-top-section elementor-element elementor-element-005051a elementor-section-boxed elementor-section-height-default elementor-section-height-default\" data-id=\"005051a\" data-element_type=\"section\">\n\t\t\t\t\t\t<div class=\"elementor-container elementor-column-gap-default\">\n\t\t\t\t\t\t\t<div class=\"elementor-row\">\n\t\t\t\t\t<div class=\"elementor-column elementor-col-100 elementor-top-column elementor-element elementor-element-3677a75\" data-id=\"3677a75\" data-element_type=\"column\">\n\t\t\t<div class=\"elementor-column-wrap elementor-element-populated\">\n\t\t\t\t\t\t\t<div class=\"elementor-widget-wrap\">\n\t\t\t\t\t\t<div class=\"elementor-element elementor-element-4fcf25d elementor-widget elementor-widget-image\" data-id=\"4fcf25d\" data-element_type=\"widget\" data-widget_type=\"image.default\">\n\t\t\t\t<div class=\"elementor-widget-container\">\n\t\t\t\t\t\t\t\t<div class=\"elementor-image\">\n\t\t\t\t\t\t\t\t\t<figure class=\"wp-caption\">\n\t\t\t\t\t\t\t\t\t\t\t<a href=\"https:\/\/goo.gl\/maps\/41MycWnXpc9TnQnb6\">\n\t\t\t\t\t\t\t<img decoding=\"async\" src=\"https:\/\/1128.escutismo.pt\/site\/wp-content\/uploads\/elementor\/thumbs\/6-prysfldz10hzs5qd4nxmw7o1323y1cfxbl0a3tpd24.png\" title=\"6\" alt=\"6\" loading=\"lazy\" \/>\t\t\t\t\t\t\t\t<\/a>\n\t\t\t\t\t\t\t\t\t\t\t<figcaption class=\"widget-image-caption wp-caption-text\">Localiza\u00e7\u00e3o<\/figcaption>\n\t\t\t\t\t\t\t\t\t\t<\/figure>\n\t\t\t\t\t\t\t\t<\/div>\n\t\t\t\t\t\t<\/div>\n\t\t\t\t<\/div>\n\t\t\t\t\t\t<\/div>\n\t\t\t\t\t<\/div>\n\t\t<\/div>\n\t\t\t\t\t\t\t\t<\/div>\n\t\t\t\t\t<\/div>\n\t\t<\/section>\n\t\t\t\t<section class=\"elementor-section elementor-top-section elementor-element elementor-element-ae73c79 elementor-section-boxed elementor-section-height-default elementor-section-height-default\" data-id=\"ae73c79\" data-element_type=\"section\">\n\t\t\t\t\t\t<div class=\"elementor-container elementor-column-gap-default\">\n\t\t\t\t\t\t\t<div class=\"elementor-row\">\n\t\t\t\t\t<div class=\"elementor-column elementor-col-100 elementor-top-column elementor-element elementor-element-4a93ef3\" data-id=\"4a93ef3\" data-element_type=\"column\">\n\t\t\t<div class=\"elementor-column-wrap elementor-element-populated\">\n\t\t\t\t\t\t\t<div class=\"elementor-widget-wrap\">\n\t\t\t\t\t\t<div class=\"elementor-element elementor-element-9841e8f elementor-widget elementor-widget-text-editor\" data-id=\"9841e8f\" data-element_type=\"widget\" data-widget_type=\"text-editor.default\">\n\t\t\t\t<div class=\"elementor-widget-container\">\n\t\t\t\t\t\t\t\t<div class=\"elementor-text-editor elementor-clearfix\">\n\t\t\t\t <li> Depois da Missa, convidamos todos os pais a juntarem-se ao Agrupamento num descontra\u00eddo e divertido banho no rio que banha o nosso acampamento. Para isso dever\u00e3o trazer Bikini\/Cal\u00e7\u00f5es de banhos, sapatos de rio e toalha. No final poder\u00e3o passar-se por \u00e1gua nos nossos duches\n <li> \u00c9 importante que tragam repelente de insectos e agasalhos para o fim do dia, porque \u00e9 nesta altura que costumamos receber umas visitas indesejadas.\n <li> Para que possamos matar saudades da comida de casa, pedimos aos pais que tragam jantar para partilhar com todos.\n <li> O final do Dia dos Pais ser\u00e1 com o Fogo de Conselho. Convidamos-vos a ficarem connosco neste momento de m\u00fasica, teatro e dan\u00e7a em que todos s\u00e3o parte da festa.\n<br>\n\n<p>Qualquer d\u00favida que tenham n\u00e3o hesitem em falar com os chefes de sec\u00e7\u00e3o.\n\n<p>L\u00e1 estaremos para vos receber e ter um dia em cheio.\n\n<p>O Chefe de Campo\t\t\t\t\t<\/div>\n\t\t\t\t\t\t<\/div>\n\t\t\t\t<\/div>\n\t\t\t\t\t\t<\/div>\n\t\t\t\t\t<\/div>\n\t\t<\/div>\n\t\t\t\t\t\t\t\t<\/div>\n\t\t\t\t\t<\/div>\n\t\t<\/section>\n\t\t\t\t\t\t\t\t\t<\/div>\n\t\t\t<\/div>\n\t\t\t\t\t<\/div>\n\t\t","protected":false},"excerpt":{"rendered":"<p>Campo de Ver\u00e3o 2022 O Dia dos Pais, no dia 30 de Julho, \u00e9 um dos dias mais aguardados por todo o Agrupamento, al\u00e9m de ser o dia em que temos a Missa das Promessas e a Atribui\u00e7\u00e3o das Etapas de Progresso, \u00e9 tamb\u00e9m quando recebemos a visita dos Pais e Fam\u00edlias. Este dia ser\u00e1 &hellip; <\/p>\n<p class=\"link-more\"><a href=\"https:\/\/1128.escutismo.pt\/site\/campoverao2022\/viseu2022pais\/\" class=\"more-link\">Read more<span class=\"screen-reader-text\"> &#8220;Viseu 2022 &#8211; Avisos para os Pais&#8221;<\/span><\/a><\/p>\n","protected":false},"author":1,"featured_media":0,"parent":2974,"menu_order":0,"comment_status":"closed","ping_status":"closed","template":"elementor_header_footer","meta":{"footnotes":""},"class_list":["post-3063","page","type-page","status-publish","hentry"],"_links":{"self":[{"href":"https:\/\/1128.escutismo.pt\/site\/wp-json\/wp\/v2\/pages\/3063","targetHints":{"allow":["GET"]}}],"collection":[{"href":"https:\/\/1128.escutismo.pt\/site\/wp-json\/wp\/v2\/pages"}],"about":[{"href":"https:\/\/1128.escutismo.pt\/site\/wp-json\/wp\/v2\/types\/page"}],"author":[{"embeddable":true,"href":"https:\/\/1128.escutismo.pt\/site\/wp-json\/wp\/v2\/users\/1"}],"replies":[{"embeddable":true,"href":"https:\/\/1128.escutismo.pt\/site\/wp-json\/wp\/v2\/comments?post=3063"}],"version-history":[{"count":0,"href":"https:\/\/1128.escutismo.pt\/site\/wp-json\/wp\/v2\/pages\/3063\/revisions"}],"up":[{"embeddable":true,"href":"https:\/\/1128.escutismo.pt\/site\/wp-json\/wp\/v2\/pages\/2974"}],"wp:attachment":[{"href":"https:\/\/1128.escutismo.pt\/site\/wp-json\/wp\/v2\/media?parent=3063"}],"curies":[{"name":"wp","href":"https:\/\/api.w.org\/{rel}","templated":true}]}}