{"id":3887,"date":"2026-01-20T10:34:01","date_gmt":"2026-01-20T09:34:01","guid":{"rendered":"https:\/\/1128.escutismo.pt\/site\/?page_id=3887"},"modified":"2026-01-20T14:56:25","modified_gmt":"2026-01-20T13:56:25","slug":"perguntas-frequentes","status":"publish","type":"page","link":"https:\/\/1128.escutismo.pt\/site\/perguntas-frequentes\/","title":{"rendered":"Perguntas Frequentes"},"content":{"rendered":"\t\t<div data-elementor-type=\"wp-page\" data-elementor-id=\"3887\" class=\"elementor elementor-3887\">\n\t\t\t\t\t\t<div class=\"elementor-inner\">\n\t\t\t\t<div class=\"elementor-section-wrap\">\n\t\t\t\t\t\t\t\t\t<section class=\"elementor-section elementor-top-section elementor-element elementor-element-19ef55e elementor-section-boxed elementor-section-height-default elementor-section-height-default\" data-id=\"19ef55e\" data-element_type=\"section\">\n\t\t\t\t\t\t<div class=\"elementor-container elementor-column-gap-default\">\n\t\t\t\t\t\t\t<div class=\"elementor-row\">\n\t\t\t\t\t<div class=\"elementor-column elementor-col-100 elementor-top-column elementor-element elementor-element-df0bd8b\" data-id=\"df0bd8b\" data-element_type=\"column\">\n\t\t\t<div class=\"elementor-column-wrap elementor-element-populated\">\n\t\t\t\t\t\t\t<div class=\"elementor-widget-wrap\">\n\t\t\t\t\t\t<section class=\"elementor-section elementor-inner-section elementor-element elementor-element-35b74e9 elementor-section-boxed elementor-section-height-default elementor-section-height-default\" data-id=\"35b74e9\" data-element_type=\"section\">\n\t\t\t\t\t\t<div class=\"elementor-container elementor-column-gap-default\">\n\t\t\t\t\t\t\t<div class=\"elementor-row\">\n\t\t\t\t\t<div class=\"elementor-column elementor-col-100 elementor-inner-column elementor-element elementor-element-d001768\" data-id=\"d001768\" data-element_type=\"column\">\n\t\t\t<div class=\"elementor-column-wrap elementor-element-populated\">\n\t\t\t\t\t\t\t<div class=\"elementor-widget-wrap\">\n\t\t\t\t\t\t<div class=\"elementor-element elementor-element-6e0314e elementor-widget elementor-widget-heading\" data-id=\"6e0314e\" data-element_type=\"widget\" data-widget_type=\"heading.default\">\n\t\t\t\t<div class=\"elementor-widget-container\">\n\t\t\t<style>\/*! elementor - v3.11.5 - 14-03-2023 *\/\n.elementor-heading-title{padding:0;margin:0;line-height:1}.elementor-widget-heading .elementor-heading-title[class*=elementor-size-]>a{color:inherit;font-size:inherit;line-height:inherit}.elementor-widget-heading .elementor-heading-title.elementor-size-small{font-size:15px}.elementor-widget-heading .elementor-heading-title.elementor-size-medium{font-size:19px}.elementor-widget-heading .elementor-heading-title.elementor-size-large{font-size:29px}.elementor-widget-heading .elementor-heading-title.elementor-size-xl{font-size:39px}.elementor-widget-heading .elementor-heading-title.elementor-size-xxl{font-size:59px}<\/style><h2 class=\"elementor-heading-title elementor-size-large\">Existem vagas para entrar no Agrupamento?<\/h2>\t\t<\/div>\n\t\t\t\t<\/div>\n\t\t\t\t<div class=\"elementor-element elementor-element-a50d17c elementor-widget elementor-widget-text-editor\" data-id=\"a50d17c\" data-element_type=\"widget\" data-widget_type=\"text-editor.default\">\n\t\t\t\t<div class=\"elementor-widget-container\">\n\t\t\t<style>\/*! elementor - v3.11.5 - 14-03-2023 *\/\n.elementor-widget-text-editor.elementor-drop-cap-view-stacked .elementor-drop-cap{background-color:#818a91;color:#fff}.elementor-widget-text-editor.elementor-drop-cap-view-framed .elementor-drop-cap{color:#818a91;border:3px solid;background-color:transparent}.elementor-widget-text-editor:not(.elementor-drop-cap-view-default) .elementor-drop-cap{margin-top:8px}.elementor-widget-text-editor:not(.elementor-drop-cap-view-default) .elementor-drop-cap-letter{width:1em;height:1em}.elementor-widget-text-editor .elementor-drop-cap{float:left;text-align:center;line-height:1;font-size:50px}.elementor-widget-text-editor .elementor-drop-cap-letter{display:inline-block}<\/style>\t\t\t\t\t<div class=\"elementor-text-editor elementor-clearfix\">\n\t\t\t\tO Agrupamento tem inscri\u00e7\u00f5es abertas durante todo o ano embora, normalmente, as admiss\u00f5es sejam feitas em Outubro. \nPor vezes, quando a lista de espera \u00e9 grande, h\u00e1 elementos que t\u00eam que esperar dois anos para entrar, mas nem sempre acontece.\t\t\t\t\t<\/div>\n\t\t\t\t\t\t<\/div>\n\t\t\t\t<\/div>\n\t\t\t\t\t\t<\/div>\n\t\t\t\t\t<\/div>\n\t\t<\/div>\n\t\t\t\t\t\t\t\t<\/div>\n\t\t\t\t\t<\/div>\n\t\t<\/section>\n\t\t\t\t<section class=\"elementor-section elementor-inner-section elementor-element elementor-element-6ba753d elementor-section-boxed elementor-section-height-default elementor-section-height-default\" data-id=\"6ba753d\" data-element_type=\"section\">\n\t\t\t\t\t\t<div class=\"elementor-container elementor-column-gap-default\">\n\t\t\t\t\t\t\t<div class=\"elementor-row\">\n\t\t\t\t\t<div class=\"elementor-column elementor-col-100 elementor-inner-column elementor-element elementor-element-bd96c14\" data-id=\"bd96c14\" data-element_type=\"column\">\n\t\t\t<div class=\"elementor-column-wrap elementor-element-populated\">\n\t\t\t\t\t\t\t<div class=\"elementor-widget-wrap\">\n\t\t\t\t\t\t<div class=\"elementor-element elementor-element-0d424e1 elementor-widget elementor-widget-heading\" data-id=\"0d424e1\" data-element_type=\"widget\" data-widget_type=\"heading.default\">\n\t\t\t\t<div class=\"elementor-widget-container\">\n\t\t\t<h2 class=\"elementor-heading-title elementor-size-large\">O que \u00e9 que cada elemento paga ao entrar para o Agrupamento?<\/h2>\t\t<\/div>\n\t\t\t\t<\/div>\n\t\t\t\t<div class=\"elementor-element elementor-element-33c8450 elementor-widget elementor-widget-text-editor\" data-id=\"33c8450\" data-element_type=\"widget\" data-widget_type=\"text-editor.default\">\n\t\t\t\t<div class=\"elementor-widget-container\">\n\t\t\t\t\t\t\t\t<div class=\"elementor-text-editor elementor-clearfix\">\n\t\t\t\t<ol>\n<li> J\u00f3ia de inscri\u00e7\u00e3o que \u00e9 paga uma \u00fanica vez, quando o elemento \u00e9 admitido &#8211; 25\u20ac<\/li>\n<li> Quota mensal &#8211; 5\u20ac por elemento\n<\/li>\n<li> Censos (um pagamento anual, normalmente feito em Janeiro) &#8211; 20\u20ac<\/li>\n<li> Actividades em regime de acampamento ou acantonamento &#8211; Pre\u00e7o varia, consoante o local e o n\u00famero de dias da actividade.<\/li>\n<\/ol>\n<p>Ainda em rela\u00e7\u00e3o \u00e0 quest\u00e3o financeira, o Agrupamento promove campanhas de angaria\u00e7\u00e3o de fundos que, muitas vezes, permitem aos elementos usufruir directamente de parte do valor que conseguem gerar em cada campanha.<\/p>\t\t\t\t\t<\/div>\n\t\t\t\t\t\t<\/div>\n\t\t\t\t<\/div>\n\t\t\t\t\t\t<\/div>\n\t\t\t\t\t<\/div>\n\t\t<\/div>\n\t\t\t\t\t\t\t\t<\/div>\n\t\t\t\t\t<\/div>\n\t\t<\/section>\n\t\t\t\t<section class=\"elementor-section elementor-inner-section elementor-element elementor-element-0068900 elementor-section-boxed elementor-section-height-default elementor-section-height-default\" data-id=\"0068900\" data-element_type=\"section\">\n\t\t\t\t\t\t<div class=\"elementor-container elementor-column-gap-default\">\n\t\t\t\t\t\t\t<div class=\"elementor-row\">\n\t\t\t\t\t<div class=\"elementor-column elementor-col-100 elementor-inner-column elementor-element elementor-element-99df0f3\" data-id=\"99df0f3\" data-element_type=\"column\">\n\t\t\t<div class=\"elementor-column-wrap elementor-element-populated\">\n\t\t\t\t\t\t\t<div class=\"elementor-widget-wrap\">\n\t\t\t\t\t\t<div class=\"elementor-element elementor-element-ca7e22a elementor-widget elementor-widget-heading\" data-id=\"ca7e22a\" data-element_type=\"widget\" data-widget_type=\"heading.default\">\n\t\t\t\t<div class=\"elementor-widget-container\">\n\t\t\t<h2 class=\"elementor-heading-title elementor-size-large\">O que \u00e9 necess\u00e1rio para se participar nas actividades?<\/h2>\t\t<\/div>\n\t\t\t\t<\/div>\n\t\t\t\t<div class=\"elementor-element elementor-element-9c4f8d9 elementor-widget elementor-widget-text-editor\" data-id=\"9c4f8d9\" data-element_type=\"widget\" data-widget_type=\"text-editor.default\">\n\t\t\t\t<div class=\"elementor-widget-container\">\n\t\t\t\t\t\t\t\t<div class=\"elementor-text-editor elementor-clearfix\">\n\t\t\t\t<p>Para al\u00e9m de vontade de ser Escuteiro e de participar nas reuni\u00f5es e actividades, ser\u00e1 necess\u00e1rio ter<br>\nalgum material individual b\u00e1sico de acampamento e a farda oficial do movimento.&nbsp;<\/p><p>Quanto ao material de acampamento, caso ainda n\u00e3o tenha, para o primeiro acampamento pode sempre saber se h\u00e1 algu\u00e9m que tem a mais e possa emprestar,&nbsp;para ver como correm as coisas!&nbsp;<\/p><p>No que diz respeito \u00e0 farda, apenas pode ser utilizada a partir de meados de Dezembro. Assim, para al\u00e9m de os elementos terem dois meses para se ambientarem e verem se o Escutismo \u00e9 realmente aquilo que esperavam, os pais podem distribuir a compra da farda por mais do que um m\u00eas. O agrupamento tamb\u00e9m disponibiliza um banco de fardas, caso seja mais acess\u00edvel aos pais.<\/p>\t\t\t\t\t<\/div>\n\t\t\t\t\t\t<\/div>\n\t\t\t\t<\/div>\n\t\t\t\t\t\t<\/div>\n\t\t\t\t\t<\/div>\n\t\t<\/div>\n\t\t\t\t\t\t\t\t<\/div>\n\t\t\t\t\t<\/div>\n\t\t<\/section>\n\t\t\t\t<section class=\"elementor-section elementor-inner-section elementor-element elementor-element-42f3b9d elementor-section-boxed elementor-section-height-default elementor-section-height-default\" data-id=\"42f3b9d\" data-element_type=\"section\">\n\t\t\t\t\t\t<div class=\"elementor-container elementor-column-gap-default\">\n\t\t\t\t\t\t\t<div class=\"elementor-row\">\n\t\t\t\t\t<div class=\"elementor-column elementor-col-100 elementor-inner-column elementor-element elementor-element-00c2072\" data-id=\"00c2072\" data-element_type=\"column\">\n\t\t\t<div class=\"elementor-column-wrap elementor-element-populated\">\n\t\t\t\t\t\t\t<div class=\"elementor-widget-wrap\">\n\t\t\t\t\t\t<div class=\"elementor-element elementor-element-1e638eb elementor-widget elementor-widget-heading\" data-id=\"1e638eb\" data-element_type=\"widget\" data-widget_type=\"heading.default\">\n\t\t\t\t<div class=\"elementor-widget-container\">\n\t\t\t<h2 class=\"elementor-heading-title elementor-size-large\">A que dias \u00e9 que se realizam as actividades?<\/h2>\t\t<\/div>\n\t\t\t\t<\/div>\n\t\t\t\t<div class=\"elementor-element elementor-element-9dda010 elementor-widget elementor-widget-text-editor\" data-id=\"9dda010\" data-element_type=\"widget\" data-widget_type=\"text-editor.default\">\n\t\t\t\t<div class=\"elementor-widget-container\">\n\t\t\t\t\t\t\t\t<div class=\"elementor-text-editor elementor-clearfix\">\n\t\t\t\t<p>Normalmente, a maior parte das reuni\u00f5es acontece ao S\u00e1bado \u00e0 tarde (entre as 14h \u00e0s 18h) e terminam sempre com a Missa,<br>\nna Igreja de Belas (18h30m \u00e0s 19h30m). No entanto, deve ter em conta que haver\u00e1 actividades de fim-de-semana (desde Sexta-Feira \u00e0 noite,&nbsp;at\u00e9 Domingo \u00e0 tarde), ou actividades de 1 s\u00f3 dia (normalmente ao S\u00e1bado). A participa\u00e7\u00e3o nas actividades deve ser encarada como um compromisso dos elementos&nbsp;e, consequentemente, dos Pais. Cada rapariga ou rapaz que decide ingressar no Agrupamento, deve faz\u00ea-lo livremente e consciente de que&nbsp;h\u00e1 um n\u00famero de regras de viv\u00eancia em grupo que tem que cumprir. Participar nas actividades e na sua prepara\u00e7\u00e3o de forma activa, ser\u00e1 uma delas.<\/p>\t\t\t\t\t<\/div>\n\t\t\t\t\t\t<\/div>\n\t\t\t\t<\/div>\n\t\t\t\t\t\t<\/div>\n\t\t\t\t\t<\/div>\n\t\t<\/div>\n\t\t\t\t\t\t\t\t<\/div>\n\t\t\t\t\t<\/div>\n\t\t<\/section>\n\t\t\t\t\t\t<\/div>\n\t\t\t\t\t<\/div>\n\t\t<\/div>\n\t\t\t\t\t\t\t\t<\/div>\n\t\t\t\t\t<\/div>\n\t\t<\/section>\n\t\t\t\t<section class=\"elementor-section elementor-top-section elementor-element elementor-element-6110c04 elementor-section-boxed elementor-section-height-default elementor-section-height-default\" data-id=\"6110c04\" data-element_type=\"section\">\n\t\t\t\t\t\t<div class=\"elementor-container elementor-column-gap-default\">\n\t\t\t\t\t\t\t<div class=\"elementor-row\">\n\t\t\t\t\t<div class=\"elementor-column elementor-col-100 elementor-top-column elementor-element elementor-element-a46161d\" data-id=\"a46161d\" data-element_type=\"column\">\n\t\t\t<div class=\"elementor-column-wrap elementor-element-populated\">\n\t\t\t\t\t\t\t<div class=\"elementor-widget-wrap\">\n\t\t\t\t\t\t<div class=\"elementor-element elementor-element-fc60e47 elementor-widget elementor-widget-heading\" data-id=\"fc60e47\" data-element_type=\"widget\" data-widget_type=\"heading.default\">\n\t\t\t\t<div class=\"elementor-widget-container\">\n\t\t\t<h1 class=\"elementor-heading-title elementor-size-medium\"><a href=\"https:\/\/1128.escutismo.pt\/site\/contactos\/\">Se n\u00e3o o conseguimos ajudar contacte-nos diretamente, aqui<\/a><\/h1>\t\t<\/div>\n\t\t\t\t<\/div>\n\t\t\t\t\t\t<\/div>\n\t\t\t\t\t<\/div>\n\t\t<\/div>\n\t\t\t\t\t\t\t\t<\/div>\n\t\t\t\t\t<\/div>\n\t\t<\/section>\n\t\t\t\t\t\t\t\t\t<\/div>\n\t\t\t<\/div>\n\t\t\t\t\t<\/div>\n\t\t","protected":false},"excerpt":{"rendered":"<p>Existem vagas para entrar no Agrupamento? O Agrupamento tem inscri\u00e7\u00f5es abertas durante todo o ano embora, normalmente, as admiss\u00f5es sejam feitas em Outubro. Por vezes, quando a lista de espera \u00e9 grande, h\u00e1 elementos que t\u00eam que esperar dois anos para entrar, mas nem sempre acontece. O que \u00e9 que cada elemento paga ao entrar &hellip; <\/p>\n<p class=\"link-more\"><a href=\"https:\/\/1128.escutismo.pt\/site\/perguntas-frequentes\/\" class=\"more-link\">Read more<span class=\"screen-reader-text\"> &#8220;Perguntas Frequentes&#8221;<\/span><\/a><\/p>\n","protected":false},"author":1,"featured_media":0,"parent":0,"menu_order":0,"comment_status":"closed","ping_status":"closed","template":"","meta":{"footnotes":""},"class_list":["post-3887","page","type-page","status-publish","hentry"],"_links":{"self":[{"href":"https:\/\/1128.escutismo.pt\/site\/wp-json\/wp\/v2\/pages\/3887","targetHints":{"allow":["GET"]}}],"collection":[{"href":"https:\/\/1128.escutismo.pt\/site\/wp-json\/wp\/v2\/pages"}],"about":[{"href":"https:\/\/1128.escutismo.pt\/site\/wp-json\/wp\/v2\/types\/page"}],"author":[{"embeddable":true,"href":"https:\/\/1128.escutismo.pt\/site\/wp-json\/wp\/v2\/users\/1"}],"replies":[{"embeddable":true,"href":"https:\/\/1128.escutismo.pt\/site\/wp-json\/wp\/v2\/comments?post=3887"}],"version-history":[{"count":47,"href":"https:\/\/1128.escutismo.pt\/site\/wp-json\/wp\/v2\/pages\/3887\/revisions"}],"predecessor-version":[{"id":4651,"href":"https:\/\/1128.escutismo.pt\/site\/wp-json\/wp\/v2\/pages\/3887\/revisions\/4651"}],"wp:attachment":[{"href":"https:\/\/1128.escutismo.pt\/site\/wp-json\/wp\/v2\/media?parent=3887"}],"curies":[{"name":"wp","href":"https:\/\/api.w.org\/{rel}","templated":true}]}}