{"id":784,"date":"2021-04-19T12:05:01","date_gmt":"2021-04-19T11:05:01","guid":{"rendered":"https:\/\/1128.escutismo.pt\/site\/?page_id=784"},"modified":"2021-10-22T15:57:46","modified_gmt":"2021-10-22T14:57:46","slug":"historia","status":"publish","type":"page","link":"https:\/\/1128.escutismo.pt\/site\/historia\/","title":{"rendered":"Hist\u00f3ria"},"content":{"rendered":"\t\t<div data-elementor-type=\"wp-page\" data-elementor-id=\"784\" class=\"elementor elementor-784\">\n\t\t\t\t\t\t<div class=\"elementor-inner\">\n\t\t\t\t<div class=\"elementor-section-wrap\">\n\t\t\t\t\t\t\t\t\t<section class=\"elementor-section elementor-top-section elementor-element elementor-element-6572e20 elementor-section-boxed elementor-section-height-default elementor-section-height-default\" data-id=\"6572e20\" data-element_type=\"section\">\n\t\t\t\t\t\t<div class=\"elementor-container elementor-column-gap-default\">\n\t\t\t\t\t\t\t<div class=\"elementor-row\">\n\t\t\t\t\t<div class=\"elementor-column elementor-col-100 elementor-top-column elementor-element elementor-element-852736b\" data-id=\"852736b\" data-element_type=\"column\">\n\t\t\t<div class=\"elementor-column-wrap elementor-element-populated\">\n\t\t\t\t\t\t\t<div class=\"elementor-widget-wrap\">\n\t\t\t\t\t\t<div class=\"elementor-element elementor-element-ee6aee1 elementor-widget elementor-widget-image\" data-id=\"ee6aee1\" data-element_type=\"widget\" data-widget_type=\"image.default\">\n\t\t\t\t<div class=\"elementor-widget-container\">\n\t\t\t<style>\/*! elementor - v3.11.5 - 14-03-2023 *\/\n.elementor-widget-image{text-align:center}.elementor-widget-image a{display:inline-block}.elementor-widget-image a img[src$=\".svg\"]{width:48px}.elementor-widget-image img{vertical-align:middle;display:inline-block}<\/style>\t\t\t\t\t<div class=\"elementor-image\">\n\t\t\t\t\t\t\t\t\t\t\t\t<img loading=\"lazy\" decoding=\"async\" width=\"200\" height=\"143\" src=\"https:\/\/1128.escutismo.pt\/site\/wp-content\/uploads\/2020\/03\/cropped-logoagrup-e1630841171985.png\" class=\"attachment-large size-large wp-image-796\" alt=\"\" sizes=\"auto, 100vw\" \/>\t\t\t\t\t\t\t\t\t\t\t\t\t\t<\/div>\n\t\t\t\t\t\t<\/div>\n\t\t\t\t<\/div>\n\t\t\t\t\t\t<\/div>\n\t\t\t\t\t<\/div>\n\t\t<\/div>\n\t\t\t\t\t\t\t\t<\/div>\n\t\t\t\t\t<\/div>\n\t\t<\/section>\n\t\t\t\t<section class=\"elementor-section elementor-top-section elementor-element elementor-element-372b5017 elementor-section-boxed elementor-section-height-default elementor-section-height-default\" data-id=\"372b5017\" data-element_type=\"section\">\n\t\t\t\t\t\t<div class=\"elementor-container elementor-column-gap-default\">\n\t\t\t\t\t\t\t<div class=\"elementor-row\">\n\t\t\t\t\t<div class=\"elementor-column elementor-col-100 elementor-top-column elementor-element elementor-element-14a25975\" data-id=\"14a25975\" data-element_type=\"column\">\n\t\t\t<div class=\"elementor-column-wrap elementor-element-populated\">\n\t\t\t\t\t\t\t<div class=\"elementor-widget-wrap\">\n\t\t\t\t\t\t<div class=\"elementor-element elementor-element-4a97488a elementor-widget elementor-widget-heading\" data-id=\"4a97488a\" data-element_type=\"widget\" data-widget_type=\"heading.default\">\n\t\t\t\t<div class=\"elementor-widget-container\">\n\t\t\t<style>\/*! elementor - v3.11.5 - 14-03-2023 *\/\n.elementor-heading-title{padding:0;margin:0;line-height:1}.elementor-widget-heading .elementor-heading-title[class*=elementor-size-]>a{color:inherit;font-size:inherit;line-height:inherit}.elementor-widget-heading .elementor-heading-title.elementor-size-small{font-size:15px}.elementor-widget-heading .elementor-heading-title.elementor-size-medium{font-size:19px}.elementor-widget-heading .elementor-heading-title.elementor-size-large{font-size:29px}.elementor-widget-heading .elementor-heading-title.elementor-size-xl{font-size:39px}.elementor-widget-heading .elementor-heading-title.elementor-size-xxl{font-size:59px}<\/style><h2 class=\"elementor-heading-title elementor-size-xl\">Hist\u00f3ria do Agrupamento<\/h2>\t\t<\/div>\n\t\t\t\t<\/div>\n\t\t\t\t\t\t<\/div>\n\t\t\t\t\t<\/div>\n\t\t<\/div>\n\t\t\t\t\t\t\t\t<\/div>\n\t\t\t\t\t<\/div>\n\t\t<\/section>\n\t\t\t\t<section class=\"elementor-section elementor-top-section elementor-element elementor-element-5c67adc elementor-section-boxed elementor-section-height-default elementor-section-height-default\" data-id=\"5c67adc\" data-element_type=\"section\">\n\t\t\t\t\t\t<div class=\"elementor-container elementor-column-gap-default\">\n\t\t\t\t\t\t\t<div class=\"elementor-row\">\n\t\t\t\t\t<div class=\"elementor-column elementor-col-100 elementor-top-column elementor-element elementor-element-526d1bf\" data-id=\"526d1bf\" data-element_type=\"column\">\n\t\t\t<div class=\"elementor-column-wrap elementor-element-populated\">\n\t\t\t\t\t\t\t<div class=\"elementor-widget-wrap\">\n\t\t\t\t\t\t<div class=\"elementor-element elementor-element-da2d79a elementor-widget elementor-widget-text-editor\" data-id=\"da2d79a\" data-element_type=\"widget\" data-widget_type=\"text-editor.default\">\n\t\t\t\t<div class=\"elementor-widget-container\">\n\t\t\t<style>\/*! elementor - v3.11.5 - 14-03-2023 *\/\n.elementor-widget-text-editor.elementor-drop-cap-view-stacked .elementor-drop-cap{background-color:#818a91;color:#fff}.elementor-widget-text-editor.elementor-drop-cap-view-framed .elementor-drop-cap{color:#818a91;border:3px solid;background-color:transparent}.elementor-widget-text-editor:not(.elementor-drop-cap-view-default) .elementor-drop-cap{margin-top:8px}.elementor-widget-text-editor:not(.elementor-drop-cap-view-default) .elementor-drop-cap-letter{width:1em;height:1em}.elementor-widget-text-editor .elementor-drop-cap{float:left;text-align:center;line-height:1;font-size:50px}.elementor-widget-text-editor .elementor-drop-cap-letter{display:inline-block}<\/style>\t\t\t\t\t<div class=\"elementor-text-editor elementor-clearfix\">\n\t\t\t\t<p>Durante estes anos de exist\u00eancia do Agrupamento, aconteceu muita coisa e de certo, h\u00e1 in\u00fameras hist\u00f3rias que merecem ser contadas e relembradas. Foi assim que tudo come\u00e7ou&#8230;<\/p><p>Era uma vez um jovem casal que tinha uma filha de 2 anos. Moravam todos muito felizes em Belas desde 1991, data do seu casamento. Cat\u00f3licos praticantes noutra Par\u00f3quia e com trabalho feito junto dos mais novos, decidiram colocar os seus dons ao servi\u00e7o daquilo que fosse necess\u00e1rio na Igreja de Belas.<\/p><p>Nesse sentido, em Maio de 1995 foram falar com o Padre de Belas, o Padre Robson. Claro que foram muito bem recebidos:Voc\u00eais s\u00e3o \u00e9scut\u00eairos? Gostaria dchi form\u00e1 um agrupamento de \u00e9scut\u00eairos em Belas. Voc\u00eais querem mi ajud\u00e1?&#8221;<\/p><p>O desafio estava lan\u00e7ado&#8230;<\/p><p>Come\u00e7aram a trabalhar com o coro da Missa das 11h e com o Grupo de Jovens da Idanha. O trabalho com os jovens visava tamb\u00e9m a procura de elementos para ingressarem no futuro Agrupamento de Belas.<\/p><p>Em 1996 foram efetuados os primeiros contactos com o rec\u00e9m-criado N\u00facleo Serra da Lua e atrav\u00e9s do seu Chefe de N\u00facleo Jos\u00e9 Carlos Completo, deu-se in\u00edcio ao processo de forma\u00e7\u00e3o.<\/p><p>A P\u00e1scoa de 1997 foi celebrada de uma forma como nunca se tinha visto em Belas. Todos os grupos de jovens das diversas<br \/>comunidades de Belas uniram-se de uma forma fraterna num retiro realizado na Quinta das T\u00edlias. Todos sem exce\u00e7\u00e3o, puderam compreender verdadeiramente o sentido do Cristo Ressuscitado.<\/p><p>Nesse mesmo ano, arranca de uma forma definitiva o futuro Agrupamento de Belas, tendo sido decretado que o Agrupamento monitor seria<br \/>o 55 da Amadora. Foi tamb\u00e9m constitu\u00edda a equipa de anima\u00e7\u00e3o:<\/p><ul><li>Dirigente respons\u00e1vel &#8211; Pedro Correia (Dirigente do CNE, escuteiro com escola do Agrupamento 60 de Queluz e um dos Dirigentes fundadores do 900 Monte Abra\u00e3o).<\/li><li>Padre respons\u00e1vel &#8211; Robson Matos Cruz<\/li><li>Jo\u00e3o Constantino &#8211; (Grupo de Jovens de Belas)<\/li><li>Cl\u00e1udia Dias &#8211; (Grupo de Jovens da Idanha)<\/li><li>S\u00f3nia Martins &#8211; (Grupo de Jovens da Idanha)<\/li><li>Filipa Sanches &#8211; (Agrupamento 60 Queluz)<\/li><li>Gon\u00e7alo Antunes &#8211; (Agrupamento 60 Queluz e Grupo de Jovens de Belas).<\/li><\/ul><p>Foram ent\u00e3o efectuadas as primeiras investiduras, momentos inesquec\u00edveis para todos os presentes e dos quais<\/p><p>mostramos algumas imagens.<\/p><p>No ano seguinte, deu-se a oficializa\u00e7\u00e3o do Agrupamento. Um acontecimento que mereceu destaque na edi\u00e7\u00e3o<\/p><p>de Outubro de 1998 do Jornal &#8220;A Pena&#8221;.<\/p><p>As duas primeiras duas sec\u00e7\u00f5es a abrir foram a Alcateia e os Exploradores. Dois anos mais tarde abriu a III\u00aa Sec\u00e7\u00e3o,<br \/>os Pioneiros. E finalmente, no 5\u00ba ano abriu a IV\u00aa Sec\u00e7\u00e3o, os Caminheiros.<\/p><p>O Agrupamento come\u00e7ava a crescer e a querer superar-se cada vez mais. Exemplo disso, foi o primeiro grande Acampamento, em Agosto de 2001, onde o Agrupamento acampou durante 10 dias na Quinta do Cansado (Sarzedo, Arganil). O imagin\u00e1rio deste Acampamento foi \u201cAs civiliza\u00e7\u00f5es\u201d. O Agrupamento voltaria uns anos mais tarde, em 2009, ao mesmo local, para mais um Acampamento dos grandes.<\/p><p>No quinto ano abriu a IV\u00aa Sec\u00e7\u00e3o &#8211; o Cl\u00e3 &#8211; que, com o lema \u201cservir\u201d sempre presente, t\u00eam mostrado ser uma mais-valia para o Agrupamento. Tanto na ajuda dada na log\u00edstica das atividades, como no exemplo transmitido aos mais novos.<br \/>Ainda durante o quinto ano teve lugar o Acampamento de Soure, no m\u00eas de Agosto, o qual teve como imagin\u00e1rio \u201cOs Quatro Elementos\u201d.<br \/>O Agrupamento continuava a crescer e a inovar. A provar desse facto foi a abertura da primeira Patrulha de Pais, nomeadamente, a Patrulha Castor. Mais tarde surgiram as Patrula Caracol e a Patrulha Mocho. Al\u00e9m de participarem em algumas actividades do Agrupamento, as Patrulhas de Pais tamb\u00e9m t\u00eam colaborado em diversas situa\u00e7\u00f5es.<\/p><p>Foi no ano escutista de 2004-2005 que, pela primeira vez na hist\u00f3ria do Agrupamento, uma Sec\u00e7\u00e3o pisou a linha do Equador. O Cl\u00e3 esteve em S. Tom\u00e9 e Pr\u00edncipe, onde participou em atividades com os Escuteiros locais e onde teve a oportunidade de conhecer como se vive o escutismo nesse pa\u00eds.<\/p><p>No ano seguinte, depois de cinco anos a \u201cvendermos rifas\u201d, conseguimos comprar a t\u00e3o desejada carrinha para o Agrupamento e que foi batizada de \u201cBranquinha\u201d.<\/p><p>No final do sexto ano, todo o Agrupamento, juntamente com uma comitiva de Escuteiros de S\u00e3o Tom\u00e9 e Pr\u00edncipe, estiveram acampados na Ilha da Boega (Vila Nova de Cerveira, Viana do Castelo) durante dez dias. Este foi sem d\u00favida um dos maiores desafios que o nosso Agrupamento j\u00e1 teve. A tarefa de colocar cerca de cem elementos, todo o material e mantimentos para as refei\u00e7\u00f5es numa ilha, durante 10 dias, foi \u00e1rdua e desgastante, mas tamb\u00e9m bastante gratificante, pois no final do Acampamento, todos estavam satisfeitos e emocionados com a sensa\u00e7\u00e3o de mais um grande desafio superado.<\/p><p>No ano escutista de 2007-2008 e para assinalar o seu d\u00e9cimo anivers\u00e1rio, o Agrupamento adotou o lema \u201cHoje melhor do que ontem e amanh\u00e3 melhor do que hoje\u201d. No dia 28 de Junho, a Missa de anivers\u00e1rio incluiu as Promessas, tendo sido convidados a assistir os pais, os antigos elementos e a Comunidade de Belas. Ainda durante as celebra\u00e7\u00f5es do anivers\u00e1rio realizou-se o I\u00ba Grande Pr\u00e9mio de Carrinhos de Rolamentos, que contou com uma forte ades\u00e3o, tanto de participantes, como de assist\u00eancia.<\/p><p>Em 2009, realiza-se o 2\u00ba Grande Pr\u00e9mio de Carrinhos de Rolamentos, com mais participantes e com um grau de dificuldade ainda mais elevado na descida.<br \/>Ainda em Outubro, desse mesmo ano, o Agrupamento marcava mais um momento importante na sua hist\u00f3ria: a Inaugura\u00e7\u00e3o da nova Sede! Depois de v\u00e1rios meses de obras, a \u201cvelhinha\u201d sede tinha sido transofmada numa nova sede, com todas as condi\u00e7\u00f5es para receber o Agrupamento.<\/p><p>Foi, mais tarde, no Ver\u00e3o de 2012, que o Agrupamento realizou mais um grande Acampamento , onde esteve acampado durante 10 dias, junto \u00e0 Barragem de Campilhas, no Cercal do Alentejo. O imagin\u00e1rio deste acampamento foi \u201cOs Reinos Perdidos\u201d.<\/p><p>Assim se passaram alguns anos de vida do nosso agrupamento, com muitas Ca\u00e7adas, Aventuras, Empreendimentos e Caminhadas, sempre com o espirito escutista bem presente.<\/p><p>Nos pr\u00f3ximos anos, o Agrupamento compromete-se a continuar a sua miss\u00e3o de educar os jovens da sua comunidade nos valores escutistas e cat\u00f3licos. Tendo como objectivo formar cidad\u00e3os preparados para o futuro e com um conjunto de valores que os tornar\u00e1 pessoas melhores.<\/p>\t\t\t\t\t<\/div>\n\t\t\t\t\t\t<\/div>\n\t\t\t\t<\/div>\n\t\t\t\t\t\t<\/div>\n\t\t\t\t\t<\/div>\n\t\t<\/div>\n\t\t\t\t\t\t\t\t<\/div>\n\t\t\t\t\t<\/div>\n\t\t<\/section>\n\t\t\t\t\t\t\t\t\t<\/div>\n\t\t\t<\/div>\n\t\t\t\t\t<\/div>\n\t\t","protected":false},"excerpt":{"rendered":"<p>Hist\u00f3ria do Agrupamento Durante estes anos de exist\u00eancia do Agrupamento, aconteceu muita coisa e de certo, h\u00e1 in\u00fameras hist\u00f3rias que merecem ser contadas e relembradas. Foi assim que tudo come\u00e7ou&#8230; Era uma vez um jovem casal que tinha uma filha de 2 anos. Moravam todos muito felizes em Belas desde 1991, data do seu casamento. &hellip; <\/p>\n<p class=\"link-more\"><a href=\"https:\/\/1128.escutismo.pt\/site\/historia\/\" class=\"more-link\">Read more<span class=\"screen-reader-text\"> &#8220;Hist\u00f3ria&#8221;<\/span><\/a><\/p>\n","protected":false},"author":1,"featured_media":0,"parent":0,"menu_order":0,"comment_status":"closed","ping_status":"closed","template":"","meta":{"footnotes":""},"class_list":["post-784","page","type-page","status-publish","hentry"],"_links":{"self":[{"href":"https:\/\/1128.escutismo.pt\/site\/wp-json\/wp\/v2\/pages\/784","targetHints":{"allow":["GET"]}}],"collection":[{"href":"https:\/\/1128.escutismo.pt\/site\/wp-json\/wp\/v2\/pages"}],"about":[{"href":"https:\/\/1128.escutismo.pt\/site\/wp-json\/wp\/v2\/types\/page"}],"author":[{"embeddable":true,"href":"https:\/\/1128.escutismo.pt\/site\/wp-json\/wp\/v2\/users\/1"}],"replies":[{"embeddable":true,"href":"https:\/\/1128.escutismo.pt\/site\/wp-json\/wp\/v2\/comments?post=784"}],"version-history":[{"count":0,"href":"https:\/\/1128.escutismo.pt\/site\/wp-json\/wp\/v2\/pages\/784\/revisions"}],"wp:attachment":[{"href":"https:\/\/1128.escutismo.pt\/site\/wp-json\/wp\/v2\/media?parent=784"}],"curies":[{"name":"wp","href":"https:\/\/api.w.org\/{rel}","templated":true}]}}