{"id":786,"date":"2021-04-19T12:26:18","date_gmt":"2021-04-19T11:26:18","guid":{"rendered":"https:\/\/1128.escutismo.pt\/site\/?page_id=786"},"modified":"2021-10-22T14:40:32","modified_gmt":"2021-10-22T13:40:32","slug":"hinoagrupamento","status":"publish","type":"page","link":"https:\/\/1128.escutismo.pt\/site\/hinoagrupamento\/","title":{"rendered":"Hino de Agrupamento"},"content":{"rendered":"\t\t<div data-elementor-type=\"wp-page\" data-elementor-id=\"786\" class=\"elementor elementor-786\">\n\t\t\t\t\t\t<div class=\"elementor-inner\">\n\t\t\t\t<div class=\"elementor-section-wrap\">\n\t\t\t\t\t\t\t\t\t<section class=\"elementor-section elementor-top-section elementor-element elementor-element-6a5534d elementor-section-boxed elementor-section-height-default elementor-section-height-default\" data-id=\"6a5534d\" data-element_type=\"section\">\n\t\t\t\t\t\t<div class=\"elementor-container elementor-column-gap-default\">\n\t\t\t\t\t\t\t<div class=\"elementor-row\">\n\t\t\t\t\t<div class=\"elementor-column elementor-col-100 elementor-top-column elementor-element elementor-element-ec3f07e\" data-id=\"ec3f07e\" data-element_type=\"column\">\n\t\t\t<div class=\"elementor-column-wrap elementor-element-populated\">\n\t\t\t\t\t\t\t<div class=\"elementor-widget-wrap\">\n\t\t\t\t\t\t<div class=\"elementor-element elementor-element-b6bdd66 elementor-widget elementor-widget-image\" data-id=\"b6bdd66\" data-element_type=\"widget\" data-widget_type=\"image.default\">\n\t\t\t\t<div class=\"elementor-widget-container\">\n\t\t\t<style>\/*! elementor - v3.11.5 - 14-03-2023 *\/\n.elementor-widget-image{text-align:center}.elementor-widget-image a{display:inline-block}.elementor-widget-image a img[src$=\".svg\"]{width:48px}.elementor-widget-image img{vertical-align:middle;display:inline-block}<\/style>\t\t\t\t\t<div class=\"elementor-image\">\n\t\t\t\t\t\t\t\t\t\t\t\t<img loading=\"lazy\" decoding=\"async\" width=\"200\" height=\"143\" src=\"https:\/\/1128.escutismo.pt\/site\/wp-content\/uploads\/2020\/03\/cropped-logoagrup-e1630841171985.png\" class=\"attachment-large size-large wp-image-796\" alt=\"\" sizes=\"auto, 100vw\" \/>\t\t\t\t\t\t\t\t\t\t\t\t\t\t<\/div>\n\t\t\t\t\t\t<\/div>\n\t\t\t\t<\/div>\n\t\t\t\t\t\t<\/div>\n\t\t\t\t\t<\/div>\n\t\t<\/div>\n\t\t\t\t\t\t\t\t<\/div>\n\t\t\t\t\t<\/div>\n\t\t<\/section>\n\t\t\t\t<section class=\"elementor-section elementor-top-section elementor-element elementor-element-68fe0c66 elementor-section-boxed elementor-section-height-default elementor-section-height-default\" data-id=\"68fe0c66\" data-element_type=\"section\">\n\t\t\t\t\t\t<div class=\"elementor-container elementor-column-gap-default\">\n\t\t\t\t\t\t\t<div class=\"elementor-row\">\n\t\t\t\t\t<div class=\"elementor-column elementor-col-100 elementor-top-column elementor-element elementor-element-7a8e4c73\" data-id=\"7a8e4c73\" data-element_type=\"column\">\n\t\t\t<div class=\"elementor-column-wrap elementor-element-populated\">\n\t\t\t\t\t\t\t<div class=\"elementor-widget-wrap\">\n\t\t\t\t\t\t<div class=\"elementor-element elementor-element-2a5ab816 elementor-widget elementor-widget-heading\" data-id=\"2a5ab816\" data-element_type=\"widget\" data-widget_type=\"heading.default\">\n\t\t\t\t<div class=\"elementor-widget-container\">\n\t\t\t<style>\/*! elementor - v3.11.5 - 14-03-2023 *\/\n.elementor-heading-title{padding:0;margin:0;line-height:1}.elementor-widget-heading .elementor-heading-title[class*=elementor-size-]>a{color:inherit;font-size:inherit;line-height:inherit}.elementor-widget-heading .elementor-heading-title.elementor-size-small{font-size:15px}.elementor-widget-heading .elementor-heading-title.elementor-size-medium{font-size:19px}.elementor-widget-heading .elementor-heading-title.elementor-size-large{font-size:29px}.elementor-widget-heading .elementor-heading-title.elementor-size-xl{font-size:39px}.elementor-widget-heading .elementor-heading-title.elementor-size-xxl{font-size:59px}<\/style><h2 class=\"elementor-heading-title elementor-size-xl\">Hino de Agrupamento<\/h2>\t\t<\/div>\n\t\t\t\t<\/div>\n\t\t\t\t\t\t<\/div>\n\t\t\t\t\t<\/div>\n\t\t<\/div>\n\t\t\t\t\t\t\t\t<\/div>\n\t\t\t\t\t<\/div>\n\t\t<\/section>\n\t\t\t\t<section class=\"elementor-section elementor-top-section elementor-element elementor-element-cec9762 elementor-section-boxed elementor-section-height-default elementor-section-height-default\" data-id=\"cec9762\" data-element_type=\"section\">\n\t\t\t\t\t\t<div class=\"elementor-container elementor-column-gap-default\">\n\t\t\t\t\t\t\t<div class=\"elementor-row\">\n\t\t\t\t\t<div class=\"elementor-column elementor-col-100 elementor-top-column elementor-element elementor-element-8029c3d\" data-id=\"8029c3d\" data-element_type=\"column\">\n\t\t\t<div class=\"elementor-column-wrap elementor-element-populated\">\n\t\t\t\t\t\t\t<div class=\"elementor-widget-wrap\">\n\t\t\t\t\t\t<div class=\"elementor-element elementor-element-0ee1a88 elementor-widget elementor-widget-text-editor\" data-id=\"0ee1a88\" data-element_type=\"widget\" data-widget_type=\"text-editor.default\">\n\t\t\t\t<div class=\"elementor-widget-container\">\n\t\t\t<style>\/*! elementor - v3.11.5 - 14-03-2023 *\/\n.elementor-widget-text-editor.elementor-drop-cap-view-stacked .elementor-drop-cap{background-color:#818a91;color:#fff}.elementor-widget-text-editor.elementor-drop-cap-view-framed .elementor-drop-cap{color:#818a91;border:3px solid;background-color:transparent}.elementor-widget-text-editor:not(.elementor-drop-cap-view-default) .elementor-drop-cap{margin-top:8px}.elementor-widget-text-editor:not(.elementor-drop-cap-view-default) .elementor-drop-cap-letter{width:1em;height:1em}.elementor-widget-text-editor .elementor-drop-cap{float:left;text-align:center;line-height:1;font-size:50px}.elementor-widget-text-editor .elementor-drop-cap-letter{display:inline-block}<\/style>\t\t\t\t\t<div class=\"elementor-text-editor elementor-clearfix\">\n\t\t\t\t<p><b>Somos escuteiros de Belas<br \/>Percorrendo a pista certa<br \/>Caminhamos com Jesus<br \/>Estamos sempre, sempre alerta<\/b><\/p><p>Os lobitos alegres<br \/>Aprendendo a viver<br \/>Da melhor vontade<br \/>\u00c9 o lema a defender<\/p><p>B.P. como modelo<br \/>Exploradores v\u00e3o imitar<br \/>Temos todos um ideal<br \/>Esperan\u00e7a a alcan\u00e7ar<\/p><p>Pioneiros \u00e0 aventura<br \/>Cumprirei sempre a lei<br \/>Com esfor\u00e7o e mesura<br \/>Pela p\u00e1tria serei<\/p><p>Caminheiros no servi\u00e7o<br \/>Zelosos e delicados<br \/>P\u2019lo trilho de Cristo<br \/>Somos todos encaminhados<\/p><p>Natureza \u00e9 a vida<br \/>Que queremos proteger<br \/>Junto com os chefes<br \/>N\u00f3s queremos aprender<\/p><p style=\"text-align: center;\">Senhora da miseric\u00f3rdia<br \/>A padroeira animadora<br \/>Semeia a conc\u00f3rdia<br \/>Para uma paz duradoira<\/p>\t\t\t\t\t<\/div>\n\t\t\t\t\t\t<\/div>\n\t\t\t\t<\/div>\n\t\t\t\t\t\t<\/div>\n\t\t\t\t\t<\/div>\n\t\t<\/div>\n\t\t\t\t\t\t\t\t<\/div>\n\t\t\t\t\t<\/div>\n\t\t<\/section>\n\t\t\t\t\t\t\t\t\t<\/div>\n\t\t\t<\/div>\n\t\t\t\t\t<\/div>\n\t\t","protected":false},"excerpt":{"rendered":"<p>Hino de Agrupamento Somos escuteiros de BelasPercorrendo a pista certaCaminhamos com JesusEstamos sempre, sempre alerta Os lobitos alegresAprendendo a viverDa melhor vontade\u00c9 o lema a defender B.P. como modeloExploradores v\u00e3o imitarTemos todos um idealEsperan\u00e7a a alcan\u00e7ar Pioneiros \u00e0 aventuraCumprirei sempre a leiCom esfor\u00e7o e mesuraPela p\u00e1tria serei Caminheiros no servi\u00e7oZelosos e delicadosP\u2019lo trilho de CristoSomos &hellip; <\/p>\n<p class=\"link-more\"><a href=\"https:\/\/1128.escutismo.pt\/site\/hinoagrupamento\/\" class=\"more-link\">Read more<span class=\"screen-reader-text\"> &#8220;Hino de Agrupamento&#8221;<\/span><\/a><\/p>\n","protected":false},"author":1,"featured_media":0,"parent":0,"menu_order":0,"comment_status":"closed","ping_status":"closed","template":"","meta":{"footnotes":""},"class_list":["post-786","page","type-page","status-publish","hentry"],"_links":{"self":[{"href":"https:\/\/1128.escutismo.pt\/site\/wp-json\/wp\/v2\/pages\/786","targetHints":{"allow":["GET"]}}],"collection":[{"href":"https:\/\/1128.escutismo.pt\/site\/wp-json\/wp\/v2\/pages"}],"about":[{"href":"https:\/\/1128.escutismo.pt\/site\/wp-json\/wp\/v2\/types\/page"}],"author":[{"embeddable":true,"href":"https:\/\/1128.escutismo.pt\/site\/wp-json\/wp\/v2\/users\/1"}],"replies":[{"embeddable":true,"href":"https:\/\/1128.escutismo.pt\/site\/wp-json\/wp\/v2\/comments?post=786"}],"version-history":[{"count":0,"href":"https:\/\/1128.escutismo.pt\/site\/wp-json\/wp\/v2\/pages\/786\/revisions"}],"wp:attachment":[{"href":"https:\/\/1128.escutismo.pt\/site\/wp-json\/wp\/v2\/media?parent=786"}],"curies":[{"name":"wp","href":"https:\/\/api.w.org\/{rel}","templated":true}]}}